{"id":1839,"date":"2022-10-05T12:53:17","date_gmt":"2022-10-05T12:53:17","guid":{"rendered":"https:\/\/skillsbarbershop.es\/?post_type=product&#038;p=1839"},"modified":"2025-04-12T13:39:20","modified_gmt":"2025-04-12T13:39:20","slug":"stmnt-caja-regalo-artist-edition","status":"publish","type":"product","link":"https:\/\/skillsbarbershop.es\/ca\/producto\/stmnt-caja-regalo-artist-edition\/","title":{"rendered":"STMNT Caja Regalo Artist Edition"},"content":{"rendered":"<p style=\"font-weight: 400;\">Crea tu propio estilo en casa con la nueva Caja de Regalo de la edici\u00f3n limitada Artist Edition de STMNT, con un dise\u00f1o exclusivo del conocido artista urbano Defer. El set de regalo incluye la Pasta Mate (100ml) y el Champ\u00fa Todo en Uno Artist Edition (300ml).<\/p>\n<ul>\n<li style=\"font-weight: 400;\">Productos de cuidado masculinos de alto rendimiento con fragancias \u00fanicas<\/li>\n<li style=\"font-weight: 400;\">Pasta Mate: Definici\u00f3n legendaria con una textura duradera<\/li>\n<li style=\"font-weight: 400;\">Pasta Mate: Coco y madera de s\u00e1ndalo con toques de lirio<\/li>\n<li style=\"font-weight: 400;\">Champ\u00fa Todo en Uno: F\u00f3rmula ligera extratratante con carb\u00f3n activado y mentol<\/li>\n<li style=\"font-weight: 400;\">Champ\u00fa Todo en Uno: C\u00edtricos frescos y lavanda con haba tonka<\/li>\n<\/ul>\n","protected":false},"excerpt":{"rendered":"<p>Set de regalo de cuidado masculino de edici\u00f3n limitada con un dise\u00f1o exclusivo de Defer.<\/p>\n","protected":false},"featured_media":1965,"comment_status":"open","ping_status":"closed","template":"","meta":[],"product_cat":[88,89],"product_tag":[],"class_list":["post-1839","product","type-product","status-publish","has-post-thumbnail","hentry","product_cat-cuidado","product_cat-styling"],"yoast_head":"<!-- This site is optimized with the Yoast SEO plugin v20.5 - https:\/\/yoast.com\/wordpress\/plugins\/seo\/ -->\n<title>STMNT Caja Regalo Artist Edition - Skills Barber Shop<\/title>\n<meta name=\"robots\" content=\"index, follow, max-snippet:-1, max-image-preview:large, max-video-preview:-1\" \/>\n<link rel=\"canonical\" href=\"https:\/\/skillsbarbershop.es\/producto\/stmnt-caja-regalo-artist-edition\/\" \/>\n<meta property=\"og:locale\" content=\"ca_ES\" \/>\n<meta property=\"og:type\" content=\"article\" \/>\n<meta property=\"og:title\" content=\"STMNT Caja Regalo Artist Edition - Skills Barber Shop\" \/>\n<meta property=\"og:description\" content=\"Set de regalo de cuidado masculino de edici\u00f3n limitada con un dise\u00f1o exclusivo de Defer.\" \/>\n<meta property=\"og:url\" content=\"https:\/\/skillsbarbershop.es\/producto\/stmnt-caja-regalo-artist-edition\/\" \/>\n<meta property=\"og:site_name\" content=\"Skills Barber Shop\" \/>\n<meta property=\"article:modified_time\" content=\"2025-04-12T13:39:20+00:00\" \/>\n<meta property=\"og:image\" content=\"https:\/\/skillsbarbershop.es\/wp-content\/uploads\/2022\/10\/STMNT_Artist_Edition_Box_small_withBanderole_2000x2000px__HighRes_RGB.jpeg\" \/>\n\t<meta property=\"og:image:width\" content=\"1024\" \/>\n\t<meta property=\"og:image:height\" content=\"1024\" \/>\n\t<meta property=\"og:image:type\" content=\"image\/jpeg\" \/>\n<meta name=\"twitter:card\" content=\"summary_large_image\" \/>\n<meta name=\"twitter:label1\" content=\"Temps estimat de lectura\" \/>\n\t<meta name=\"twitter:data1\" content=\"1 minut\" \/>\n<script type=\"application\/ld+json\" class=\"yoast-schema-graph\">{\"@context\":\"https:\/\/schema.org\",\"@graph\":[{\"@type\":\"WebPage\",\"@id\":\"https:\/\/skillsbarbershop.es\/producto\/stmnt-caja-regalo-artist-edition\/\",\"url\":\"https:\/\/skillsbarbershop.es\/producto\/stmnt-caja-regalo-artist-edition\/\",\"name\":\"STMNT Caja Regalo Artist Edition - Skills Barber Shop\",\"isPartOf\":{\"@id\":\"https:\/\/skillsbarbershop.es\/#website\"},\"datePublished\":\"2022-10-05T12:53:17+00:00\",\"dateModified\":\"2025-04-12T13:39:20+00:00\",\"breadcrumb\":{\"@id\":\"https:\/\/skillsbarbershop.es\/producto\/stmnt-caja-regalo-artist-edition\/#breadcrumb\"},\"inLanguage\":\"ca\",\"potentialAction\":[{\"@type\":\"ReadAction\",\"target\":[\"https:\/\/skillsbarbershop.es\/producto\/stmnt-caja-regalo-artist-edition\/\"]}]},{\"@type\":\"BreadcrumbList\",\"@id\":\"https:\/\/skillsbarbershop.es\/producto\/stmnt-caja-regalo-artist-edition\/#breadcrumb\",\"itemListElement\":[{\"@type\":\"ListItem\",\"position\":1,\"name\":\"Portada\",\"item\":\"https:\/\/skillsbarbershop.es\/\"},{\"@type\":\"ListItem\",\"position\":2,\"name\":\"Tienda-tot\",\"item\":\"https:\/\/skillsbarbershop.es\/tienda-skills\/\"},{\"@type\":\"ListItem\",\"position\":3,\"name\":\"STMNT Caja Regalo Artist Edition\"}]},{\"@type\":\"WebSite\",\"@id\":\"https:\/\/skillsbarbershop.es\/#website\",\"url\":\"https:\/\/skillsbarbershop.es\/\",\"name\":\"Skills Barber Shop\",\"description\":\"Skills Barber Shop\",\"potentialAction\":[{\"@type\":\"SearchAction\",\"target\":{\"@type\":\"EntryPoint\",\"urlTemplate\":\"https:\/\/skillsbarbershop.es\/?s={search_term_string}\"},\"query-input\":\"required name=search_term_string\"}],\"inLanguage\":\"ca\"}]}<\/script>\n<!-- \/ Yoast SEO plugin. -->","yoast_head_json":{"title":"STMNT Caja Regalo Artist Edition - Skills Barber Shop","robots":{"index":"index","follow":"follow","max-snippet":"max-snippet:-1","max-image-preview":"max-image-preview:large","max-video-preview":"max-video-preview:-1"},"canonical":"https:\/\/skillsbarbershop.es\/producto\/stmnt-caja-regalo-artist-edition\/","og_locale":"ca_ES","og_type":"article","og_title":"STMNT Caja Regalo Artist Edition - Skills Barber Shop","og_description":"Set de regalo de cuidado masculino de edici\u00f3n limitada con un dise\u00f1o exclusivo de Defer.","og_url":"https:\/\/skillsbarbershop.es\/producto\/stmnt-caja-regalo-artist-edition\/","og_site_name":"Skills Barber Shop","article_modified_time":"2025-04-12T13:39:20+00:00","og_image":[{"width":1024,"height":1024,"url":"https:\/\/skillsbarbershop.es\/wp-content\/uploads\/2022\/10\/STMNT_Artist_Edition_Box_small_withBanderole_2000x2000px__HighRes_RGB.jpeg","type":"image\/jpeg"}],"twitter_card":"summary_large_image","twitter_misc":{"Temps estimat de lectura":"1 minut"},"schema":{"@context":"https:\/\/schema.org","@graph":[{"@type":"WebPage","@id":"https:\/\/skillsbarbershop.es\/producto\/stmnt-caja-regalo-artist-edition\/","url":"https:\/\/skillsbarbershop.es\/producto\/stmnt-caja-regalo-artist-edition\/","name":"STMNT Caja Regalo Artist Edition - Skills Barber Shop","isPartOf":{"@id":"https:\/\/skillsbarbershop.es\/#website"},"datePublished":"2022-10-05T12:53:17+00:00","dateModified":"2025-04-12T13:39:20+00:00","breadcrumb":{"@id":"https:\/\/skillsbarbershop.es\/producto\/stmnt-caja-regalo-artist-edition\/#breadcrumb"},"inLanguage":"ca","potentialAction":[{"@type":"ReadAction","target":["https:\/\/skillsbarbershop.es\/producto\/stmnt-caja-regalo-artist-edition\/"]}]},{"@type":"BreadcrumbList","@id":"https:\/\/skillsbarbershop.es\/producto\/stmnt-caja-regalo-artist-edition\/#breadcrumb","itemListElement":[{"@type":"ListItem","position":1,"name":"Portada","item":"https:\/\/skillsbarbershop.es\/"},{"@type":"ListItem","position":2,"name":"Tienda-tot","item":"https:\/\/skillsbarbershop.es\/tienda-skills\/"},{"@type":"ListItem","position":3,"name":"STMNT Caja Regalo Artist Edition"}]},{"@type":"WebSite","@id":"https:\/\/skillsbarbershop.es\/#website","url":"https:\/\/skillsbarbershop.es\/","name":"Skills Barber Shop","description":"Skills Barber Shop","potentialAction":[{"@type":"SearchAction","target":{"@type":"EntryPoint","urlTemplate":"https:\/\/skillsbarbershop.es\/?s={search_term_string}"},"query-input":"required name=search_term_string"}],"inLanguage":"ca"}]}},"_links":{"self":[{"href":"https:\/\/skillsbarbershop.es\/ca\/wp-json\/wp\/v2\/product\/1839","targetHints":{"allow":["GET"]}}],"collection":[{"href":"https:\/\/skillsbarbershop.es\/ca\/wp-json\/wp\/v2\/product"}],"about":[{"href":"https:\/\/skillsbarbershop.es\/ca\/wp-json\/wp\/v2\/types\/product"}],"replies":[{"embeddable":true,"href":"https:\/\/skillsbarbershop.es\/ca\/wp-json\/wp\/v2\/comments?post=1839"}],"wp:featuredmedia":[{"embeddable":true,"href":"https:\/\/skillsbarbershop.es\/ca\/wp-json\/wp\/v2\/media\/1965"}],"wp:attachment":[{"href":"https:\/\/skillsbarbershop.es\/ca\/wp-json\/wp\/v2\/media?parent=1839"}],"wp:term":[{"taxonomy":"product_cat","embeddable":true,"href":"https:\/\/skillsbarbershop.es\/ca\/wp-json\/wp\/v2\/product_cat?post=1839"},{"taxonomy":"product_tag","embeddable":true,"href":"https:\/\/skillsbarbershop.es\/ca\/wp-json\/wp\/v2\/product_tag?post=1839"}],"curies":[{"name":"wp","href":"https:\/\/api.w.org\/{rel}","templated":true}]}}