{"id":1532,"date":"2022-09-20T15:25:56","date_gmt":"2022-09-20T15:25:56","guid":{"rendered":"https:\/\/skillsbarbershop.es\/?post_type=product&#038;p=1532"},"modified":"2022-11-30T12:46:29","modified_gmt":"2022-11-30T12:46:29","slug":"stmnt-grooming-goods-champu-solido-para-cabello-y-cuerpo-125g","status":"publish","type":"product","link":"https:\/\/skillsbarbershop.es\/ca\/producto\/stmnt-grooming-goods-champu-solido-para-cabello-y-cuerpo-125g\/","title":{"rendered":"STMNT GROOMING GOODS Champ\u00fa s\u00f3lido para cabello y cuerpo 125g"},"content":{"rendered":"<p>Este champ\u00fa s\u00f3lido polivalente, con una f\u00f3rmula hidratante con carb\u00f3n activado, limpia suavemente eliminando las impurezas para un cabello, cuerpo, cara y manos limpias. Pastilla de jab\u00f3n pr\u00e1ctica y f\u00e1cil de usar en el gym o durante tus viajes. Fragancia c\u00edtrica\u00a0 y con un toque de lavanda y haba tonka. Libre de sulfatos surfactantes y siliconas.<\/p>\n<p>\u2022 Para un cabello, cuerpo, cara y manos s\u00faper limpios.<\/p>\n<p>\u2022 F\u00f3rmula hidratante con carb\u00f3n activado que elimina suavemente las impurezas.<\/p>\n<p>\u2022 Pastilla de jab\u00f3n pr\u00e1ctica y f\u00e1cil de usar.<\/p>\n<p>\u2022 Libre de sulfatos surfactantes y siliconas.<\/p>\n<p>\u2022 Fragancia premium: c\u00edtricos frescos y lavanda con haba tonka.<\/p>\n","protected":false},"excerpt":{"rendered":"<p>Una opci\u00f3n s\u00f3lida para el lavado polivalente.<\/p>\n","protected":false},"featured_media":1533,"comment_status":"open","ping_status":"closed","template":"","meta":[],"product_cat":[88],"product_tag":[],"class_list":["post-1532","product","type-product","status-publish","has-post-thumbnail","hentry","product_cat-cuidado"],"yoast_head":"<!-- This site is optimized with the Yoast SEO plugin v20.5 - https:\/\/yoast.com\/wordpress\/plugins\/seo\/ -->\n<title>STMNT GROOMING GOODS Champ\u00fa s\u00f3lido para cabello y cuerpo 125g - Skills Barber Shop<\/title>\n<meta name=\"robots\" content=\"index, follow, max-snippet:-1, max-image-preview:large, max-video-preview:-1\" \/>\n<link rel=\"canonical\" href=\"https:\/\/skillsbarbershop.es\/producto\/stmnt-grooming-goods-champu-solido-para-cabello-y-cuerpo-125g\/\" \/>\n<meta property=\"og:locale\" content=\"ca_ES\" \/>\n<meta property=\"og:type\" content=\"article\" \/>\n<meta property=\"og:title\" content=\"STMNT GROOMING GOODS Champ\u00fa s\u00f3lido para cabello y cuerpo 125g - Skills Barber Shop\" \/>\n<meta property=\"og:description\" content=\"Una opci\u00f3n s\u00f3lida para el lavado polivalente.\" \/>\n<meta property=\"og:url\" content=\"https:\/\/skillsbarbershop.es\/producto\/stmnt-grooming-goods-champu-solido-para-cabello-y-cuerpo-125g\/\" \/>\n<meta property=\"og:site_name\" content=\"Skills Barber Shop\" \/>\n<meta property=\"article:modified_time\" content=\"2022-11-30T12:46:29+00:00\" \/>\n<meta property=\"og:image\" content=\"https:\/\/skillsbarbershop.es\/wp-content\/uploads\/2022\/09\/stmnt-grooming-goods-champu-solido-para-cabello-y-cuerpo-125g.png\" \/>\n\t<meta property=\"og:image:width\" content=\"800\" \/>\n\t<meta property=\"og:image:height\" content=\"800\" \/>\n\t<meta property=\"og:image:type\" content=\"image\/png\" \/>\n<meta name=\"twitter:card\" content=\"summary_large_image\" \/>\n<meta name=\"twitter:label1\" content=\"Temps estimat de lectura\" \/>\n\t<meta name=\"twitter:data1\" content=\"1 minut\" \/>\n<script type=\"application\/ld+json\" class=\"yoast-schema-graph\">{\"@context\":\"https:\/\/schema.org\",\"@graph\":[{\"@type\":\"WebPage\",\"@id\":\"https:\/\/skillsbarbershop.es\/producto\/stmnt-grooming-goods-champu-solido-para-cabello-y-cuerpo-125g\/\",\"url\":\"https:\/\/skillsbarbershop.es\/producto\/stmnt-grooming-goods-champu-solido-para-cabello-y-cuerpo-125g\/\",\"name\":\"STMNT GROOMING GOODS Champ\u00fa s\u00f3lido para cabello y cuerpo 125g - Skills Barber Shop\",\"isPartOf\":{\"@id\":\"https:\/\/skillsbarbershop.es\/#website\"},\"datePublished\":\"2022-09-20T15:25:56+00:00\",\"dateModified\":\"2022-11-30T12:46:29+00:00\",\"breadcrumb\":{\"@id\":\"https:\/\/skillsbarbershop.es\/producto\/stmnt-grooming-goods-champu-solido-para-cabello-y-cuerpo-125g\/#breadcrumb\"},\"inLanguage\":\"ca\",\"potentialAction\":[{\"@type\":\"ReadAction\",\"target\":[\"https:\/\/skillsbarbershop.es\/producto\/stmnt-grooming-goods-champu-solido-para-cabello-y-cuerpo-125g\/\"]}]},{\"@type\":\"BreadcrumbList\",\"@id\":\"https:\/\/skillsbarbershop.es\/producto\/stmnt-grooming-goods-champu-solido-para-cabello-y-cuerpo-125g\/#breadcrumb\",\"itemListElement\":[{\"@type\":\"ListItem\",\"position\":1,\"name\":\"Portada\",\"item\":\"https:\/\/skillsbarbershop.es\/\"},{\"@type\":\"ListItem\",\"position\":2,\"name\":\"Tienda-tot\",\"item\":\"https:\/\/skillsbarbershop.es\/tienda-skills\/\"},{\"@type\":\"ListItem\",\"position\":3,\"name\":\"STMNT GROOMING GOODS Champ\u00fa s\u00f3lido para cabello y cuerpo 125g\"}]},{\"@type\":\"WebSite\",\"@id\":\"https:\/\/skillsbarbershop.es\/#website\",\"url\":\"https:\/\/skillsbarbershop.es\/\",\"name\":\"Skills Barber Shop\",\"description\":\"Skills Barber Shop\",\"potentialAction\":[{\"@type\":\"SearchAction\",\"target\":{\"@type\":\"EntryPoint\",\"urlTemplate\":\"https:\/\/skillsbarbershop.es\/?s={search_term_string}\"},\"query-input\":\"required name=search_term_string\"}],\"inLanguage\":\"ca\"}]}<\/script>\n<!-- \/ Yoast SEO plugin. -->","yoast_head_json":{"title":"STMNT GROOMING GOODS Champ\u00fa s\u00f3lido para cabello y cuerpo 125g - Skills Barber Shop","robots":{"index":"index","follow":"follow","max-snippet":"max-snippet:-1","max-image-preview":"max-image-preview:large","max-video-preview":"max-video-preview:-1"},"canonical":"https:\/\/skillsbarbershop.es\/producto\/stmnt-grooming-goods-champu-solido-para-cabello-y-cuerpo-125g\/","og_locale":"ca_ES","og_type":"article","og_title":"STMNT GROOMING GOODS Champ\u00fa s\u00f3lido para cabello y cuerpo 125g - Skills Barber Shop","og_description":"Una opci\u00f3n s\u00f3lida para el lavado polivalente.","og_url":"https:\/\/skillsbarbershop.es\/producto\/stmnt-grooming-goods-champu-solido-para-cabello-y-cuerpo-125g\/","og_site_name":"Skills Barber Shop","article_modified_time":"2022-11-30T12:46:29+00:00","og_image":[{"width":800,"height":800,"url":"https:\/\/skillsbarbershop.es\/wp-content\/uploads\/2022\/09\/stmnt-grooming-goods-champu-solido-para-cabello-y-cuerpo-125g.png","type":"image\/png"}],"twitter_card":"summary_large_image","twitter_misc":{"Temps estimat de lectura":"1 minut"},"schema":{"@context":"https:\/\/schema.org","@graph":[{"@type":"WebPage","@id":"https:\/\/skillsbarbershop.es\/producto\/stmnt-grooming-goods-champu-solido-para-cabello-y-cuerpo-125g\/","url":"https:\/\/skillsbarbershop.es\/producto\/stmnt-grooming-goods-champu-solido-para-cabello-y-cuerpo-125g\/","name":"STMNT GROOMING GOODS Champ\u00fa s\u00f3lido para cabello y cuerpo 125g - Skills Barber Shop","isPartOf":{"@id":"https:\/\/skillsbarbershop.es\/#website"},"datePublished":"2022-09-20T15:25:56+00:00","dateModified":"2022-11-30T12:46:29+00:00","breadcrumb":{"@id":"https:\/\/skillsbarbershop.es\/producto\/stmnt-grooming-goods-champu-solido-para-cabello-y-cuerpo-125g\/#breadcrumb"},"inLanguage":"ca","potentialAction":[{"@type":"ReadAction","target":["https:\/\/skillsbarbershop.es\/producto\/stmnt-grooming-goods-champu-solido-para-cabello-y-cuerpo-125g\/"]}]},{"@type":"BreadcrumbList","@id":"https:\/\/skillsbarbershop.es\/producto\/stmnt-grooming-goods-champu-solido-para-cabello-y-cuerpo-125g\/#breadcrumb","itemListElement":[{"@type":"ListItem","position":1,"name":"Portada","item":"https:\/\/skillsbarbershop.es\/"},{"@type":"ListItem","position":2,"name":"Tienda-tot","item":"https:\/\/skillsbarbershop.es\/tienda-skills\/"},{"@type":"ListItem","position":3,"name":"STMNT GROOMING GOODS Champ\u00fa s\u00f3lido para cabello y cuerpo 125g"}]},{"@type":"WebSite","@id":"https:\/\/skillsbarbershop.es\/#website","url":"https:\/\/skillsbarbershop.es\/","name":"Skills Barber Shop","description":"Skills Barber Shop","potentialAction":[{"@type":"SearchAction","target":{"@type":"EntryPoint","urlTemplate":"https:\/\/skillsbarbershop.es\/?s={search_term_string}"},"query-input":"required name=search_term_string"}],"inLanguage":"ca"}]}},"_links":{"self":[{"href":"https:\/\/skillsbarbershop.es\/ca\/wp-json\/wp\/v2\/product\/1532","targetHints":{"allow":["GET"]}}],"collection":[{"href":"https:\/\/skillsbarbershop.es\/ca\/wp-json\/wp\/v2\/product"}],"about":[{"href":"https:\/\/skillsbarbershop.es\/ca\/wp-json\/wp\/v2\/types\/product"}],"replies":[{"embeddable":true,"href":"https:\/\/skillsbarbershop.es\/ca\/wp-json\/wp\/v2\/comments?post=1532"}],"wp:featuredmedia":[{"embeddable":true,"href":"https:\/\/skillsbarbershop.es\/ca\/wp-json\/wp\/v2\/media\/1533"}],"wp:attachment":[{"href":"https:\/\/skillsbarbershop.es\/ca\/wp-json\/wp\/v2\/media?parent=1532"}],"wp:term":[{"taxonomy":"product_cat","embeddable":true,"href":"https:\/\/skillsbarbershop.es\/ca\/wp-json\/wp\/v2\/product_cat?post=1532"},{"taxonomy":"product_tag","embeddable":true,"href":"https:\/\/skillsbarbershop.es\/ca\/wp-json\/wp\/v2\/product_tag?post=1532"}],"curies":[{"name":"wp","href":"https:\/\/api.w.org\/{rel}","templated":true}]}}