{"id":1522,"date":"2022-09-20T15:19:46","date_gmt":"2022-09-20T15:19:46","guid":{"rendered":"https:\/\/skillsbarbershop.es\/?post_type=product&#038;p=1522"},"modified":"2026-04-28T13:47:15","modified_gmt":"2026-04-28T13:47:15","slug":"stmnt-grooming-goods-polvo-en-spray-4g","status":"publish","type":"product","link":"https:\/\/skillsbarbershop.es\/ca\/producto\/stmnt-grooming-goods-polvo-en-spray-4g\/","title":{"rendered":"STMNT GROOMING GOODS Polvo en spray 4g"},"content":{"rendered":"<p>Tu arma secreta para una textura irregular. Su f\u00f3rmula ligera eleva la ra\u00edz al instante, proporciona un volumen extravagante, una fijaci\u00f3n impactante y un acabado mate extremo. Usar sobre cabello seco. Contiene la fragancia exclusiva de Staygold: notas c\u00edtricas, acu\u00e1ticas y amaderadas.<\/p>\n<p>\u2022 Eleva la ra\u00edz al instante y proporciona un volumen extravagante.<\/p>\n<p>\u2022 Textura impactante y fijaci\u00f3n.<\/p>\n<p>\u2022 Acabado mate extremo.<\/p>\n<p>\u2022 F\u00f3rmula s\u00faper ligera.<\/p>\n<p>\u2022 Fragancia exclusiva de Staygold: notas c\u00edtricas, acu\u00e1ticas y amaderadas.<\/p>\n","protected":false},"excerpt":{"rendered":"<p>Tu arma secreta para una textura irregular.<\/p>\n","protected":false},"featured_media":1523,"comment_status":"open","ping_status":"closed","template":"","meta":[],"product_cat":[89],"product_tag":[],"class_list":["post-1522","product","type-product","status-publish","has-post-thumbnail","hentry","product_cat-styling"],"yoast_head":"<!-- This site is optimized with the Yoast SEO plugin v20.5 - https:\/\/yoast.com\/wordpress\/plugins\/seo\/ -->\n<title>STMNT GROOMING GOODS Polvo en spray 4g - Skills Barber Shop<\/title>\n<meta name=\"robots\" content=\"index, follow, max-snippet:-1, max-image-preview:large, max-video-preview:-1\" \/>\n<link rel=\"canonical\" href=\"https:\/\/skillsbarbershop.es\/producto\/stmnt-grooming-goods-polvo-en-spray-4g\/\" \/>\n<meta property=\"og:locale\" content=\"ca_ES\" \/>\n<meta property=\"og:type\" content=\"article\" \/>\n<meta property=\"og:title\" content=\"STMNT GROOMING GOODS Polvo en spray 4g - Skills Barber Shop\" \/>\n<meta property=\"og:description\" content=\"Tu arma secreta para una textura irregular.\" \/>\n<meta property=\"og:url\" content=\"https:\/\/skillsbarbershop.es\/producto\/stmnt-grooming-goods-polvo-en-spray-4g\/\" \/>\n<meta property=\"og:site_name\" content=\"Skills Barber Shop\" \/>\n<meta property=\"article:modified_time\" content=\"2026-04-28T13:47:15+00:00\" \/>\n<meta property=\"og:image\" content=\"https:\/\/skillsbarbershop.es\/wp-content\/uploads\/2022\/09\/stmnt-grooming-goods-polvo-en-spray-4g.png\" \/>\n\t<meta property=\"og:image:width\" content=\"800\" \/>\n\t<meta property=\"og:image:height\" content=\"800\" \/>\n\t<meta property=\"og:image:type\" content=\"image\/png\" \/>\n<meta name=\"twitter:card\" content=\"summary_large_image\" \/>\n<script type=\"application\/ld+json\" class=\"yoast-schema-graph\">{\"@context\":\"https:\/\/schema.org\",\"@graph\":[{\"@type\":\"WebPage\",\"@id\":\"https:\/\/skillsbarbershop.es\/producto\/stmnt-grooming-goods-polvo-en-spray-4g\/\",\"url\":\"https:\/\/skillsbarbershop.es\/producto\/stmnt-grooming-goods-polvo-en-spray-4g\/\",\"name\":\"STMNT GROOMING GOODS Polvo en spray 4g - Skills Barber Shop\",\"isPartOf\":{\"@id\":\"https:\/\/skillsbarbershop.es\/#website\"},\"datePublished\":\"2022-09-20T15:19:46+00:00\",\"dateModified\":\"2026-04-28T13:47:15+00:00\",\"breadcrumb\":{\"@id\":\"https:\/\/skillsbarbershop.es\/producto\/stmnt-grooming-goods-polvo-en-spray-4g\/#breadcrumb\"},\"inLanguage\":\"ca\",\"potentialAction\":[{\"@type\":\"ReadAction\",\"target\":[\"https:\/\/skillsbarbershop.es\/producto\/stmnt-grooming-goods-polvo-en-spray-4g\/\"]}]},{\"@type\":\"BreadcrumbList\",\"@id\":\"https:\/\/skillsbarbershop.es\/producto\/stmnt-grooming-goods-polvo-en-spray-4g\/#breadcrumb\",\"itemListElement\":[{\"@type\":\"ListItem\",\"position\":1,\"name\":\"Portada\",\"item\":\"https:\/\/skillsbarbershop.es\/\"},{\"@type\":\"ListItem\",\"position\":2,\"name\":\"Tienda-tot\",\"item\":\"https:\/\/skillsbarbershop.es\/tienda-skills\/\"},{\"@type\":\"ListItem\",\"position\":3,\"name\":\"STMNT GROOMING GOODS Polvo en spray 4g\"}]},{\"@type\":\"WebSite\",\"@id\":\"https:\/\/skillsbarbershop.es\/#website\",\"url\":\"https:\/\/skillsbarbershop.es\/\",\"name\":\"Skills Barber Shop\",\"description\":\"Skills Barber Shop\",\"potentialAction\":[{\"@type\":\"SearchAction\",\"target\":{\"@type\":\"EntryPoint\",\"urlTemplate\":\"https:\/\/skillsbarbershop.es\/?s={search_term_string}\"},\"query-input\":\"required name=search_term_string\"}],\"inLanguage\":\"ca\"}]}<\/script>\n<!-- \/ Yoast SEO plugin. -->","yoast_head_json":{"title":"STMNT GROOMING GOODS Polvo en spray 4g - Skills Barber Shop","robots":{"index":"index","follow":"follow","max-snippet":"max-snippet:-1","max-image-preview":"max-image-preview:large","max-video-preview":"max-video-preview:-1"},"canonical":"https:\/\/skillsbarbershop.es\/producto\/stmnt-grooming-goods-polvo-en-spray-4g\/","og_locale":"ca_ES","og_type":"article","og_title":"STMNT GROOMING GOODS Polvo en spray 4g - Skills Barber Shop","og_description":"Tu arma secreta para una textura irregular.","og_url":"https:\/\/skillsbarbershop.es\/producto\/stmnt-grooming-goods-polvo-en-spray-4g\/","og_site_name":"Skills Barber Shop","article_modified_time":"2026-04-28T13:47:15+00:00","og_image":[{"width":800,"height":800,"url":"https:\/\/skillsbarbershop.es\/wp-content\/uploads\/2022\/09\/stmnt-grooming-goods-polvo-en-spray-4g.png","type":"image\/png"}],"twitter_card":"summary_large_image","schema":{"@context":"https:\/\/schema.org","@graph":[{"@type":"WebPage","@id":"https:\/\/skillsbarbershop.es\/producto\/stmnt-grooming-goods-polvo-en-spray-4g\/","url":"https:\/\/skillsbarbershop.es\/producto\/stmnt-grooming-goods-polvo-en-spray-4g\/","name":"STMNT GROOMING GOODS Polvo en spray 4g - Skills Barber Shop","isPartOf":{"@id":"https:\/\/skillsbarbershop.es\/#website"},"datePublished":"2022-09-20T15:19:46+00:00","dateModified":"2026-04-28T13:47:15+00:00","breadcrumb":{"@id":"https:\/\/skillsbarbershop.es\/producto\/stmnt-grooming-goods-polvo-en-spray-4g\/#breadcrumb"},"inLanguage":"ca","potentialAction":[{"@type":"ReadAction","target":["https:\/\/skillsbarbershop.es\/producto\/stmnt-grooming-goods-polvo-en-spray-4g\/"]}]},{"@type":"BreadcrumbList","@id":"https:\/\/skillsbarbershop.es\/producto\/stmnt-grooming-goods-polvo-en-spray-4g\/#breadcrumb","itemListElement":[{"@type":"ListItem","position":1,"name":"Portada","item":"https:\/\/skillsbarbershop.es\/"},{"@type":"ListItem","position":2,"name":"Tienda-tot","item":"https:\/\/skillsbarbershop.es\/tienda-skills\/"},{"@type":"ListItem","position":3,"name":"STMNT GROOMING GOODS Polvo en spray 4g"}]},{"@type":"WebSite","@id":"https:\/\/skillsbarbershop.es\/#website","url":"https:\/\/skillsbarbershop.es\/","name":"Skills Barber Shop","description":"Skills Barber Shop","potentialAction":[{"@type":"SearchAction","target":{"@type":"EntryPoint","urlTemplate":"https:\/\/skillsbarbershop.es\/?s={search_term_string}"},"query-input":"required name=search_term_string"}],"inLanguage":"ca"}]}},"_links":{"self":[{"href":"https:\/\/skillsbarbershop.es\/ca\/wp-json\/wp\/v2\/product\/1522","targetHints":{"allow":["GET"]}}],"collection":[{"href":"https:\/\/skillsbarbershop.es\/ca\/wp-json\/wp\/v2\/product"}],"about":[{"href":"https:\/\/skillsbarbershop.es\/ca\/wp-json\/wp\/v2\/types\/product"}],"replies":[{"embeddable":true,"href":"https:\/\/skillsbarbershop.es\/ca\/wp-json\/wp\/v2\/comments?post=1522"}],"wp:featuredmedia":[{"embeddable":true,"href":"https:\/\/skillsbarbershop.es\/ca\/wp-json\/wp\/v2\/media\/1523"}],"wp:attachment":[{"href":"https:\/\/skillsbarbershop.es\/ca\/wp-json\/wp\/v2\/media?parent=1522"}],"wp:term":[{"taxonomy":"product_cat","embeddable":true,"href":"https:\/\/skillsbarbershop.es\/ca\/wp-json\/wp\/v2\/product_cat?post=1522"},{"taxonomy":"product_tag","embeddable":true,"href":"https:\/\/skillsbarbershop.es\/ca\/wp-json\/wp\/v2\/product_tag?post=1522"}],"curies":[{"name":"wp","href":"https:\/\/api.w.org\/{rel}","templated":true}]}}