{"id":1518,"date":"2022-09-20T15:17:02","date_gmt":"2022-09-20T15:17:02","guid":{"rendered":"https:\/\/skillsbarbershop.es\/?post_type=product&#038;p=1518"},"modified":"2026-04-12T23:45:50","modified_gmt":"2026-04-12T23:45:50","slug":"stmnt-grooming-goods-pomada-fibrosa-100ml","status":"publish","type":"product","link":"https:\/\/skillsbarbershop.es\/ca\/producto\/stmnt-grooming-goods-pomada-fibrosa-100ml\/","title":{"rendered":"STMNT GROOMING GOODS Pomada fibrosa 100ml"},"content":{"rendered":"<p>Tu entrada vip para la textura despeinada. Usar sobre cabello seco para crear estilos sueltos, estructurados y remoldeables con un acabado semimate. F\u00f3rmula muy flexible con fibras el\u00e1sticas para una separaci\u00f3n incre\u00edble. Control fuerte incluso en cabello grueso. F\u00e1cil de eliminar mediante el lavado. Contiene la fragancia exclusiva de Staygold: notas c\u00edtricas, acu\u00e1ticas y amaderadas.<\/p>\n<p>\u2022 Para una separaci\u00f3n incre\u00edble y textura remoldeable.<\/p>\n<p>\u2022 F\u00f3rmula muy flexible con fibras el\u00e1sticas.<\/p>\n<p>\u2022 Control fuerte. Acabado semimate.<\/p>\n<p>\u2022 F\u00e1cil de eliminar mediante el lavado<\/p>\n<p>\u2022 Fragancia exclusiva de Staygold: notas c\u00edtricas, acu\u00e1ticas y amaderadas.<\/p>\n","protected":false},"excerpt":{"rendered":"<p>Tu entrada vip para la textura despeinada.<\/p>\n","protected":false},"featured_media":1519,"comment_status":"open","ping_status":"closed","template":"","meta":[],"product_cat":[89],"product_tag":[],"class_list":["post-1518","product","type-product","status-publish","has-post-thumbnail","hentry","product_cat-styling"],"yoast_head":"<!-- This site is optimized with the Yoast SEO plugin v20.5 - https:\/\/yoast.com\/wordpress\/plugins\/seo\/ -->\n<title>STMNT GROOMING GOODS Pomada fibrosa 100ml - Skills Barber Shop<\/title>\n<meta name=\"robots\" content=\"index, follow, max-snippet:-1, max-image-preview:large, max-video-preview:-1\" \/>\n<link rel=\"canonical\" href=\"https:\/\/skillsbarbershop.es\/producto\/stmnt-grooming-goods-pomada-fibrosa-100ml\/\" \/>\n<meta property=\"og:locale\" content=\"ca_ES\" \/>\n<meta property=\"og:type\" content=\"article\" \/>\n<meta property=\"og:title\" content=\"STMNT GROOMING GOODS Pomada fibrosa 100ml - Skills Barber Shop\" \/>\n<meta property=\"og:description\" content=\"Tu entrada vip para la textura despeinada.\" \/>\n<meta property=\"og:url\" content=\"https:\/\/skillsbarbershop.es\/producto\/stmnt-grooming-goods-pomada-fibrosa-100ml\/\" \/>\n<meta property=\"og:site_name\" content=\"Skills Barber Shop\" \/>\n<meta property=\"article:modified_time\" content=\"2026-04-12T23:45:50+00:00\" \/>\n<meta property=\"og:image\" content=\"https:\/\/skillsbarbershop.es\/wp-content\/uploads\/2022\/09\/stmnt-grooming-goods-pomada-fibrosa-100ml.png\" \/>\n\t<meta property=\"og:image:width\" content=\"800\" \/>\n\t<meta property=\"og:image:height\" content=\"800\" \/>\n\t<meta property=\"og:image:type\" content=\"image\/png\" \/>\n<meta name=\"twitter:card\" content=\"summary_large_image\" \/>\n<meta name=\"twitter:label1\" content=\"Temps estimat de lectura\" \/>\n\t<meta name=\"twitter:data1\" content=\"1 minut\" \/>\n<script type=\"application\/ld+json\" class=\"yoast-schema-graph\">{\"@context\":\"https:\/\/schema.org\",\"@graph\":[{\"@type\":\"WebPage\",\"@id\":\"https:\/\/skillsbarbershop.es\/producto\/stmnt-grooming-goods-pomada-fibrosa-100ml\/\",\"url\":\"https:\/\/skillsbarbershop.es\/producto\/stmnt-grooming-goods-pomada-fibrosa-100ml\/\",\"name\":\"STMNT GROOMING GOODS Pomada fibrosa 100ml - Skills Barber Shop\",\"isPartOf\":{\"@id\":\"https:\/\/skillsbarbershop.es\/#website\"},\"datePublished\":\"2022-09-20T15:17:02+00:00\",\"dateModified\":\"2026-04-12T23:45:50+00:00\",\"breadcrumb\":{\"@id\":\"https:\/\/skillsbarbershop.es\/producto\/stmnt-grooming-goods-pomada-fibrosa-100ml\/#breadcrumb\"},\"inLanguage\":\"ca\",\"potentialAction\":[{\"@type\":\"ReadAction\",\"target\":[\"https:\/\/skillsbarbershop.es\/producto\/stmnt-grooming-goods-pomada-fibrosa-100ml\/\"]}]},{\"@type\":\"BreadcrumbList\",\"@id\":\"https:\/\/skillsbarbershop.es\/producto\/stmnt-grooming-goods-pomada-fibrosa-100ml\/#breadcrumb\",\"itemListElement\":[{\"@type\":\"ListItem\",\"position\":1,\"name\":\"Portada\",\"item\":\"https:\/\/skillsbarbershop.es\/\"},{\"@type\":\"ListItem\",\"position\":2,\"name\":\"Tienda-tot\",\"item\":\"https:\/\/skillsbarbershop.es\/tienda-skills\/\"},{\"@type\":\"ListItem\",\"position\":3,\"name\":\"STMNT GROOMING GOODS Pomada fibrosa 100ml\"}]},{\"@type\":\"WebSite\",\"@id\":\"https:\/\/skillsbarbershop.es\/#website\",\"url\":\"https:\/\/skillsbarbershop.es\/\",\"name\":\"Skills Barber Shop\",\"description\":\"Skills Barber Shop\",\"potentialAction\":[{\"@type\":\"SearchAction\",\"target\":{\"@type\":\"EntryPoint\",\"urlTemplate\":\"https:\/\/skillsbarbershop.es\/?s={search_term_string}\"},\"query-input\":\"required name=search_term_string\"}],\"inLanguage\":\"ca\"}]}<\/script>\n<!-- \/ Yoast SEO plugin. -->","yoast_head_json":{"title":"STMNT GROOMING GOODS Pomada fibrosa 100ml - Skills Barber Shop","robots":{"index":"index","follow":"follow","max-snippet":"max-snippet:-1","max-image-preview":"max-image-preview:large","max-video-preview":"max-video-preview:-1"},"canonical":"https:\/\/skillsbarbershop.es\/producto\/stmnt-grooming-goods-pomada-fibrosa-100ml\/","og_locale":"ca_ES","og_type":"article","og_title":"STMNT GROOMING GOODS Pomada fibrosa 100ml - Skills Barber Shop","og_description":"Tu entrada vip para la textura despeinada.","og_url":"https:\/\/skillsbarbershop.es\/producto\/stmnt-grooming-goods-pomada-fibrosa-100ml\/","og_site_name":"Skills Barber Shop","article_modified_time":"2026-04-12T23:45:50+00:00","og_image":[{"width":800,"height":800,"url":"https:\/\/skillsbarbershop.es\/wp-content\/uploads\/2022\/09\/stmnt-grooming-goods-pomada-fibrosa-100ml.png","type":"image\/png"}],"twitter_card":"summary_large_image","twitter_misc":{"Temps estimat de lectura":"1 minut"},"schema":{"@context":"https:\/\/schema.org","@graph":[{"@type":"WebPage","@id":"https:\/\/skillsbarbershop.es\/producto\/stmnt-grooming-goods-pomada-fibrosa-100ml\/","url":"https:\/\/skillsbarbershop.es\/producto\/stmnt-grooming-goods-pomada-fibrosa-100ml\/","name":"STMNT GROOMING GOODS Pomada fibrosa 100ml - Skills Barber Shop","isPartOf":{"@id":"https:\/\/skillsbarbershop.es\/#website"},"datePublished":"2022-09-20T15:17:02+00:00","dateModified":"2026-04-12T23:45:50+00:00","breadcrumb":{"@id":"https:\/\/skillsbarbershop.es\/producto\/stmnt-grooming-goods-pomada-fibrosa-100ml\/#breadcrumb"},"inLanguage":"ca","potentialAction":[{"@type":"ReadAction","target":["https:\/\/skillsbarbershop.es\/producto\/stmnt-grooming-goods-pomada-fibrosa-100ml\/"]}]},{"@type":"BreadcrumbList","@id":"https:\/\/skillsbarbershop.es\/producto\/stmnt-grooming-goods-pomada-fibrosa-100ml\/#breadcrumb","itemListElement":[{"@type":"ListItem","position":1,"name":"Portada","item":"https:\/\/skillsbarbershop.es\/"},{"@type":"ListItem","position":2,"name":"Tienda-tot","item":"https:\/\/skillsbarbershop.es\/tienda-skills\/"},{"@type":"ListItem","position":3,"name":"STMNT GROOMING GOODS Pomada fibrosa 100ml"}]},{"@type":"WebSite","@id":"https:\/\/skillsbarbershop.es\/#website","url":"https:\/\/skillsbarbershop.es\/","name":"Skills Barber Shop","description":"Skills Barber Shop","potentialAction":[{"@type":"SearchAction","target":{"@type":"EntryPoint","urlTemplate":"https:\/\/skillsbarbershop.es\/?s={search_term_string}"},"query-input":"required name=search_term_string"}],"inLanguage":"ca"}]}},"_links":{"self":[{"href":"https:\/\/skillsbarbershop.es\/ca\/wp-json\/wp\/v2\/product\/1518","targetHints":{"allow":["GET"]}}],"collection":[{"href":"https:\/\/skillsbarbershop.es\/ca\/wp-json\/wp\/v2\/product"}],"about":[{"href":"https:\/\/skillsbarbershop.es\/ca\/wp-json\/wp\/v2\/types\/product"}],"replies":[{"embeddable":true,"href":"https:\/\/skillsbarbershop.es\/ca\/wp-json\/wp\/v2\/comments?post=1518"}],"wp:featuredmedia":[{"embeddable":true,"href":"https:\/\/skillsbarbershop.es\/ca\/wp-json\/wp\/v2\/media\/1519"}],"wp:attachment":[{"href":"https:\/\/skillsbarbershop.es\/ca\/wp-json\/wp\/v2\/media?parent=1518"}],"wp:term":[{"taxonomy":"product_cat","embeddable":true,"href":"https:\/\/skillsbarbershop.es\/ca\/wp-json\/wp\/v2\/product_cat?post=1518"},{"taxonomy":"product_tag","embeddable":true,"href":"https:\/\/skillsbarbershop.es\/ca\/wp-json\/wp\/v2\/product_tag?post=1518"}],"curies":[{"name":"wp","href":"https:\/\/api.w.org\/{rel}","templated":true}]}}