{"id":1514,"date":"2022-09-20T15:14:12","date_gmt":"2022-09-20T15:14:12","guid":{"rendered":"https:\/\/skillsbarbershop.es\/?post_type=product&#038;p=1514"},"modified":"2024-03-25T10:21:34","modified_gmt":"2024-03-25T10:21:34","slug":"stmnt-grooming-goods-pasta-mate-100ml","status":"publish","type":"product","link":"https:\/\/skillsbarbershop.es\/ca\/producto\/stmnt-grooming-goods-pasta-mate-100ml\/","title":{"rendered":"STMNT GROOMING GOODS Pasta mate 100ml"},"content":{"rendered":"<p>Para un efecto s\u00faper mate. Usar sobre cabello seco o h\u00famedo para un acabado f\u00e1cil con una fijaci\u00f3n fuerte. Su f\u00f3rmula no grasa proporciona una definici\u00f3n seca con una textura duradera y un acabado mate. \u00bfDeseas que sea menos mate? M\u00e9zclala con STMNT Pasta de Brillo. Fragancia exclusiva de Julius Cvesar: una mezcla de coco cremoso y madera de s\u00e1ndalo con toques de lirio.<\/p>\n<p>\u2022 Definici\u00f3n legendaria con una textura duradera.<\/p>\n<p>\u2022 Control fuerte.<\/p>\n<p>\u2022 Acabado mate.<\/p>\n<p>\u2022 F\u00f3rmula no grasa.<\/p>\n<p>\u2022 F\u00e1cil de eliminar mediante el lavado.<\/p>\n<p>\u2022 Fragancia exclusiva de Julius Cvesar: una mezcla de coco cremoso y madera de s\u00e1ndalo con toques de lirio.<\/p>\n","protected":false},"excerpt":{"rendered":"<p>Para un efecto s\u00faper mate.<\/p>\n","protected":false},"featured_media":1515,"comment_status":"open","ping_status":"closed","template":"","meta":[],"product_cat":[89],"product_tag":[],"class_list":["post-1514","product","type-product","status-publish","has-post-thumbnail","hentry","product_cat-styling"],"yoast_head":"<!-- This site is optimized with the Yoast SEO plugin v20.5 - https:\/\/yoast.com\/wordpress\/plugins\/seo\/ -->\n<title>STMNT GROOMING GOODS Pasta mate 100ml - Skills Barber Shop<\/title>\n<meta name=\"robots\" content=\"index, follow, max-snippet:-1, max-image-preview:large, max-video-preview:-1\" \/>\n<link rel=\"canonical\" href=\"https:\/\/skillsbarbershop.es\/producto\/stmnt-grooming-goods-pasta-mate-100ml\/\" \/>\n<meta property=\"og:locale\" content=\"ca_ES\" \/>\n<meta property=\"og:type\" content=\"article\" \/>\n<meta property=\"og:title\" content=\"STMNT GROOMING GOODS Pasta mate 100ml - Skills Barber Shop\" \/>\n<meta property=\"og:description\" content=\"Para un efecto s\u00faper mate.\" \/>\n<meta property=\"og:url\" content=\"https:\/\/skillsbarbershop.es\/producto\/stmnt-grooming-goods-pasta-mate-100ml\/\" \/>\n<meta property=\"og:site_name\" content=\"Skills Barber Shop\" \/>\n<meta property=\"article:modified_time\" content=\"2024-03-25T10:21:34+00:00\" \/>\n<meta property=\"og:image\" content=\"https:\/\/skillsbarbershop.es\/wp-content\/uploads\/2022\/09\/stmnt-grooming-goods-pasta-mate-100ml.png\" \/>\n\t<meta property=\"og:image:width\" content=\"800\" \/>\n\t<meta property=\"og:image:height\" content=\"800\" \/>\n\t<meta property=\"og:image:type\" content=\"image\/png\" \/>\n<meta name=\"twitter:card\" content=\"summary_large_image\" \/>\n<meta name=\"twitter:label1\" content=\"Temps estimat de lectura\" \/>\n\t<meta name=\"twitter:data1\" content=\"1 minut\" \/>\n<script type=\"application\/ld+json\" class=\"yoast-schema-graph\">{\"@context\":\"https:\/\/schema.org\",\"@graph\":[{\"@type\":\"WebPage\",\"@id\":\"https:\/\/skillsbarbershop.es\/producto\/stmnt-grooming-goods-pasta-mate-100ml\/\",\"url\":\"https:\/\/skillsbarbershop.es\/producto\/stmnt-grooming-goods-pasta-mate-100ml\/\",\"name\":\"STMNT GROOMING GOODS Pasta mate 100ml - Skills Barber Shop\",\"isPartOf\":{\"@id\":\"https:\/\/skillsbarbershop.es\/#website\"},\"datePublished\":\"2022-09-20T15:14:12+00:00\",\"dateModified\":\"2024-03-25T10:21:34+00:00\",\"breadcrumb\":{\"@id\":\"https:\/\/skillsbarbershop.es\/producto\/stmnt-grooming-goods-pasta-mate-100ml\/#breadcrumb\"},\"inLanguage\":\"ca\",\"potentialAction\":[{\"@type\":\"ReadAction\",\"target\":[\"https:\/\/skillsbarbershop.es\/producto\/stmnt-grooming-goods-pasta-mate-100ml\/\"]}]},{\"@type\":\"BreadcrumbList\",\"@id\":\"https:\/\/skillsbarbershop.es\/producto\/stmnt-grooming-goods-pasta-mate-100ml\/#breadcrumb\",\"itemListElement\":[{\"@type\":\"ListItem\",\"position\":1,\"name\":\"Portada\",\"item\":\"https:\/\/skillsbarbershop.es\/\"},{\"@type\":\"ListItem\",\"position\":2,\"name\":\"Tienda-tot\",\"item\":\"https:\/\/skillsbarbershop.es\/tienda-skills\/\"},{\"@type\":\"ListItem\",\"position\":3,\"name\":\"STMNT GROOMING GOODS Pasta mate 100ml\"}]},{\"@type\":\"WebSite\",\"@id\":\"https:\/\/skillsbarbershop.es\/#website\",\"url\":\"https:\/\/skillsbarbershop.es\/\",\"name\":\"Skills Barber Shop\",\"description\":\"Skills Barber Shop\",\"potentialAction\":[{\"@type\":\"SearchAction\",\"target\":{\"@type\":\"EntryPoint\",\"urlTemplate\":\"https:\/\/skillsbarbershop.es\/?s={search_term_string}\"},\"query-input\":\"required name=search_term_string\"}],\"inLanguage\":\"ca\"}]}<\/script>\n<!-- \/ Yoast SEO plugin. -->","yoast_head_json":{"title":"STMNT GROOMING GOODS Pasta mate 100ml - Skills Barber Shop","robots":{"index":"index","follow":"follow","max-snippet":"max-snippet:-1","max-image-preview":"max-image-preview:large","max-video-preview":"max-video-preview:-1"},"canonical":"https:\/\/skillsbarbershop.es\/producto\/stmnt-grooming-goods-pasta-mate-100ml\/","og_locale":"ca_ES","og_type":"article","og_title":"STMNT GROOMING GOODS Pasta mate 100ml - Skills Barber Shop","og_description":"Para un efecto s\u00faper mate.","og_url":"https:\/\/skillsbarbershop.es\/producto\/stmnt-grooming-goods-pasta-mate-100ml\/","og_site_name":"Skills Barber Shop","article_modified_time":"2024-03-25T10:21:34+00:00","og_image":[{"width":800,"height":800,"url":"https:\/\/skillsbarbershop.es\/wp-content\/uploads\/2022\/09\/stmnt-grooming-goods-pasta-mate-100ml.png","type":"image\/png"}],"twitter_card":"summary_large_image","twitter_misc":{"Temps estimat de lectura":"1 minut"},"schema":{"@context":"https:\/\/schema.org","@graph":[{"@type":"WebPage","@id":"https:\/\/skillsbarbershop.es\/producto\/stmnt-grooming-goods-pasta-mate-100ml\/","url":"https:\/\/skillsbarbershop.es\/producto\/stmnt-grooming-goods-pasta-mate-100ml\/","name":"STMNT GROOMING GOODS Pasta mate 100ml - Skills Barber Shop","isPartOf":{"@id":"https:\/\/skillsbarbershop.es\/#website"},"datePublished":"2022-09-20T15:14:12+00:00","dateModified":"2024-03-25T10:21:34+00:00","breadcrumb":{"@id":"https:\/\/skillsbarbershop.es\/producto\/stmnt-grooming-goods-pasta-mate-100ml\/#breadcrumb"},"inLanguage":"ca","potentialAction":[{"@type":"ReadAction","target":["https:\/\/skillsbarbershop.es\/producto\/stmnt-grooming-goods-pasta-mate-100ml\/"]}]},{"@type":"BreadcrumbList","@id":"https:\/\/skillsbarbershop.es\/producto\/stmnt-grooming-goods-pasta-mate-100ml\/#breadcrumb","itemListElement":[{"@type":"ListItem","position":1,"name":"Portada","item":"https:\/\/skillsbarbershop.es\/"},{"@type":"ListItem","position":2,"name":"Tienda-tot","item":"https:\/\/skillsbarbershop.es\/tienda-skills\/"},{"@type":"ListItem","position":3,"name":"STMNT GROOMING GOODS Pasta mate 100ml"}]},{"@type":"WebSite","@id":"https:\/\/skillsbarbershop.es\/#website","url":"https:\/\/skillsbarbershop.es\/","name":"Skills Barber Shop","description":"Skills Barber Shop","potentialAction":[{"@type":"SearchAction","target":{"@type":"EntryPoint","urlTemplate":"https:\/\/skillsbarbershop.es\/?s={search_term_string}"},"query-input":"required name=search_term_string"}],"inLanguage":"ca"}]}},"_links":{"self":[{"href":"https:\/\/skillsbarbershop.es\/ca\/wp-json\/wp\/v2\/product\/1514","targetHints":{"allow":["GET"]}}],"collection":[{"href":"https:\/\/skillsbarbershop.es\/ca\/wp-json\/wp\/v2\/product"}],"about":[{"href":"https:\/\/skillsbarbershop.es\/ca\/wp-json\/wp\/v2\/types\/product"}],"replies":[{"embeddable":true,"href":"https:\/\/skillsbarbershop.es\/ca\/wp-json\/wp\/v2\/comments?post=1514"}],"wp:featuredmedia":[{"embeddable":true,"href":"https:\/\/skillsbarbershop.es\/ca\/wp-json\/wp\/v2\/media\/1515"}],"wp:attachment":[{"href":"https:\/\/skillsbarbershop.es\/ca\/wp-json\/wp\/v2\/media?parent=1514"}],"wp:term":[{"taxonomy":"product_cat","embeddable":true,"href":"https:\/\/skillsbarbershop.es\/ca\/wp-json\/wp\/v2\/product_cat?post=1514"},{"taxonomy":"product_tag","embeddable":true,"href":"https:\/\/skillsbarbershop.es\/ca\/wp-json\/wp\/v2\/product_tag?post=1514"}],"curies":[{"name":"wp","href":"https:\/\/api.w.org\/{rel}","templated":true}]}}